{"id":229,"date":"2023-10-07T21:55:32","date_gmt":"2023-10-07T19:55:32","guid":{"rendered":"https:\/\/www.laptitebrique.com\/?page_id=229"},"modified":"2025-08-19T20:39:09","modified_gmt":"2025-08-19T18:39:09","slug":"essai2","status":"publish","type":"page","link":"https:\/\/www.laptitebrique.com\/?page_id=229","title":{"rendered":"EXPOSITION"},"content":{"rendered":"\t\t<div data-elementor-type=\"wp-page\" data-elementor-id=\"229\" class=\"elementor elementor-229\" data-elementor-post-type=\"page\">\n\t\t\t\t<div class=\"elementor-element elementor-element-9458c7e e-con-full e-flex e-con e-parent\" data-id=\"9458c7e\" data-element_type=\"container\" data-e-type=\"container\" data-settings=\"{&quot;background_background&quot;:&quot;classic&quot;}\">\n\t\t<div class=\"elementor-element elementor-element-b16f991 e-con-full e-flex e-con e-child\" data-id=\"b16f991\" data-element_type=\"container\" data-e-type=\"container\" data-settings=\"{&quot;background_background&quot;:&quot;classic&quot;}\">\n\t\t\t\t<div class=\"elementor-element elementor-element-5135936 elementor-widget__width-auto elementor-widget elementor-widget-heading\" data-id=\"5135936\" data-element_type=\"widget\" data-e-type=\"widget\" data-widget_type=\"heading.default\">\n\t\t\t\t<div class=\"elementor-widget-container\">\n\t\t\t\t\t<h1 class=\"elementor-heading-title elementor-size-default\">Parce qu\u2019il faut prendre le temps <br>\n\nd\u2019admirer les belles choses !<\/h1>\t\t\t\t<\/div>\n\t\t\t\t<\/div>\n\t\t\t\t<\/div>\n\t\t\t\t<\/div>\n\t\t<div class=\"elementor-element elementor-element-74fcb5e2 e-flex e-con-boxed e-con e-parent\" data-id=\"74fcb5e2\" data-element_type=\"container\" data-e-type=\"container\">\n\t\t\t\t\t<div class=\"e-con-inner\">\n\t\t\t\t<div class=\"elementor-element elementor-element-4afc92c elementor-widget elementor-widget-spacer\" data-id=\"4afc92c\" data-element_type=\"widget\" data-e-type=\"widget\" data-widget_type=\"spacer.default\">\n\t\t\t\t<div class=\"elementor-widget-container\">\n\t\t\t\t\t\t\t<div class=\"elementor-spacer\">\n\t\t\t<div class=\"elementor-spacer-inner\"><\/div>\n\t\t<\/div>\n\t\t\t\t\t\t<\/div>\n\t\t\t\t<\/div>\n\t\t\t\t<div class=\"elementor-element elementor-element-881b7da elementor-widget elementor-widget-text-editor\" data-id=\"881b7da\" data-element_type=\"widget\" data-e-type=\"widget\" data-widget_type=\"text-editor.default\">\n\t\t\t\t<div class=\"elementor-widget-container\">\n\t\t\t\t\t\t\t\t\t<p>Chez La P\u2019tite Brique, nous cr\u00e9ons des expositions th\u00e9matiques sur mesure, pens\u00e9es pour \u00e9veiller la curiosit\u00e9 de tous les visiteurs. Gr\u00e2ce \u00e0 une approche interactive et immersive, chaque exposition prend vie et devient une v\u00e9ritable invitation \u00e0 la d\u00e9couverte, \u00e0 l\u2019\u00e9merveillement et \u00e0 l&rsquo;\u00e9change.<\/p>\t\t\t\t\t\t\t\t<\/div>\n\t\t\t\t<\/div>\n\t\t\t\t<div class=\"elementor-element elementor-element-dc4b3e3 elementor-widget elementor-widget-spacer\" data-id=\"dc4b3e3\" data-element_type=\"widget\" data-e-type=\"widget\" data-widget_type=\"spacer.default\">\n\t\t\t\t<div class=\"elementor-widget-container\">\n\t\t\t\t\t\t\t<div class=\"elementor-spacer\">\n\t\t\t<div class=\"elementor-spacer-inner\"><\/div>\n\t\t<\/div>\n\t\t\t\t\t\t<\/div>\n\t\t\t\t<\/div>\n\t\t\t\t\t<\/div>\n\t\t\t\t<\/div>\n\t\t<div class=\"elementor-element elementor-element-636d158 e-flex e-con-boxed e-con e-parent\" data-id=\"636d158\" data-element_type=\"container\" data-e-type=\"container\">\n\t\t\t\t\t<div class=\"e-con-inner\">\n\t\t<div class=\"elementor-element elementor-element-919cda1 e-con-full e-flex e-con e-child\" data-id=\"919cda1\" data-element_type=\"container\" data-e-type=\"container\">\n\t\t\t\t<div class=\"elementor-element elementor-element-e5978a5 elementor-widget elementor-widget-heading\" data-id=\"e5978a5\" data-element_type=\"widget\" data-e-type=\"widget\" data-widget_type=\"heading.default\">\n\t\t\t\t<div class=\"elementor-widget-container\">\n\t\t\t\t\t<h2 class=\"elementor-heading-title elementor-size-default\">Des expositions\ninteractives<\/h2>\t\t\t\t<\/div>\n\t\t\t\t<\/div>\n\t\t\t\t<div class=\"elementor-element elementor-element-5755390 elementor-widget elementor-widget-text-editor\" data-id=\"5755390\" data-element_type=\"widget\" data-e-type=\"widget\" data-widget_type=\"text-editor.default\">\n\t\t\t\t<div class=\"elementor-widget-container\">\n\t\t\t\t\t\t\t\t\t<p>Une exposition LEGO\u00ae, c\u2019est bien plus que de simples vitrines \u00e0 admirer : c\u2019est une exp\u00e9rience \u00e0 partager. Nous concevons des expositions th\u00e9matiques unique, imagin\u00e9es pour encourager l\u2019interaction entre les visiteurs et les cr\u00e9ations.<br \/><br \/>Du simple module \u00e0 la sc\u00e9nographie immersive, nous adaptons nos cr\u00e9ations pour qu\u2019elles s\u2019int\u00e8grent parfaitement \u00e0 votre espace et \u00e0 votre \u00e9v\u00e9nement.<\/p>\t\t\t\t\t\t\t\t<\/div>\n\t\t\t\t<\/div>\n\t\t\t\t<\/div>\n\t\t<div class=\"elementor-element elementor-element-5b31320 e-con-full e-flex e-con e-child\" data-id=\"5b31320\" data-element_type=\"container\" data-e-type=\"container\">\n\t\t\t\t<div class=\"elementor-element elementor-element-5b8e7d0 elementor-widget__width-auto elementor-widget elementor-widget-video\" data-id=\"5b8e7d0\" data-element_type=\"widget\" data-e-type=\"widget\" data-settings=\"{&quot;video_type&quot;:&quot;hosted&quot;,&quot;autoplay&quot;:&quot;yes&quot;,&quot;play_on_mobile&quot;:&quot;yes&quot;,&quot;mute&quot;:&quot;yes&quot;,&quot;loop&quot;:&quot;yes&quot;,&quot;controls&quot;:&quot;yes&quot;}\" data-widget_type=\"video.default\">\n\t\t\t\t<div class=\"elementor-widget-container\">\n\t\t\t\t\t\t\t<div class=\"e-hosted-video elementor-wrapper elementor-open-inline\">\n\t\t\t\t\t<video class=\"elementor-video\" src=\"https:\/\/www.laptitebrique.com\/wp-content\/uploads\/2025\/04\/30ans_histoire_ales.mp4\" autoplay=\"\" loop=\"\" controls=\"\" muted=\"muted\" playsinline=\"\" controlsList=\"nodownload\"><\/video>\n\t\t\t\t<\/div>\n\t\t\t\t\t\t<\/div>\n\t\t\t\t<\/div>\n\t\t\t\t<\/div>\n\t\t\t\t\t<\/div>\n\t\t\t\t<\/div>\n\t\t<div class=\"elementor-element elementor-element-c6e049d e-flex e-con-boxed e-con e-parent\" data-id=\"c6e049d\" data-element_type=\"container\" data-e-type=\"container\">\n\t\t\t\t\t<div class=\"e-con-inner\">\n\t\t\t\t<div class=\"elementor-element elementor-element-91537d8 elementor-widget elementor-widget-spacer\" data-id=\"91537d8\" data-element_type=\"widget\" data-e-type=\"widget\" data-widget_type=\"spacer.default\">\n\t\t\t\t<div class=\"elementor-widget-container\">\n\t\t\t\t\t\t\t<div class=\"elementor-spacer\">\n\t\t\t<div class=\"elementor-spacer-inner\"><\/div>\n\t\t<\/div>\n\t\t\t\t\t\t<\/div>\n\t\t\t\t<\/div>\n\t\t<div class=\"elementor-element elementor-element-fb90428 e-con-full e-flex e-con e-child\" data-id=\"fb90428\" data-element_type=\"container\" data-e-type=\"container\">\n\t\t\t\t<div class=\"elementor-element elementor-element-3dafb9b elementor-widget elementor-widget-heading\" data-id=\"3dafb9b\" data-element_type=\"widget\" data-e-type=\"widget\" data-widget_type=\"heading.default\">\n\t\t\t\t<div class=\"elementor-widget-container\">\n\t\t\t\t\t<h2 class=\"elementor-heading-title elementor-size-default\">Les formats possibles<\/h2>\t\t\t\t<\/div>\n\t\t\t\t<\/div>\n\t\t\t\t<div class=\"elementor-element elementor-element-83ce17c elementor-widget elementor-widget-text-editor\" data-id=\"83ce17c\" data-element_type=\"widget\" data-e-type=\"widget\" data-widget_type=\"text-editor.default\">\n\t\t\t\t<div class=\"elementor-widget-container\">\n\t\t\t\t\t\t\t\t\t<p>Nos expositions s\u2019adaptent \u00e0 vos espaces, vos contraintes\u2026 et vos id\u00e9es !\u2028Voici quelques formats que nous proposons r\u00e9guli\u00e8rement, modulables selon vos besoins :<\/p>\t\t\t\t\t\t\t\t<\/div>\n\t\t\t\t<\/div>\n\t\t\t\t<\/div>\n\t\t\t\t\t<\/div>\n\t\t\t\t<\/div>\n\t\t<div class=\"elementor-element elementor-element-474ffc9 e-flex e-con-boxed e-con e-parent\" data-id=\"474ffc9\" data-element_type=\"container\" data-e-type=\"container\">\n\t\t\t\t\t<div class=\"e-con-inner\">\n\t\t<div class=\"elementor-element elementor-element-41f41c0 e-con-full e-flex e-con e-child\" data-id=\"41f41c0\" data-element_type=\"container\" data-e-type=\"container\">\n\t\t<div class=\"elementor-element elementor-element-046a1d4 e-con-full e-flex e-con e-child\" data-id=\"046a1d4\" data-element_type=\"container\" data-e-type=\"container\">\n\t\t\t\t<div class=\"elementor-element elementor-element-2ba577b elementor-widget elementor-widget-image\" data-id=\"2ba577b\" data-element_type=\"widget\" data-e-type=\"widget\" data-widget_type=\"image.default\">\n\t\t\t\t<div class=\"elementor-widget-container\">\n\t\t\t\t\t\t\t\t\t\t\t\t\t\t\t<img fetchpriority=\"high\" decoding=\"async\" width=\"950\" height=\"713\" src=\"https:\/\/www.laptitebrique.com\/wp-content\/uploads\/2023\/10\/ok-1024x768.jpg\" class=\"elementor-animation-bounce-in attachment-large size-large wp-image-345\" alt=\"\" srcset=\"https:\/\/www.laptitebrique.com\/wp-content\/uploads\/2023\/10\/ok-1024x768.jpg 1024w, https:\/\/www.laptitebrique.com\/wp-content\/uploads\/2023\/10\/ok-300x225.jpg 300w, https:\/\/www.laptitebrique.com\/wp-content\/uploads\/2023\/10\/ok-768x576.jpg 768w, https:\/\/www.laptitebrique.com\/wp-content\/uploads\/2023\/10\/ok-1536x1152.jpg 1536w, https:\/\/www.laptitebrique.com\/wp-content\/uploads\/2023\/10\/ok-600x450.jpg 600w, https:\/\/www.laptitebrique.com\/wp-content\/uploads\/2023\/10\/ok-1200x900.jpg 1200w, https:\/\/www.laptitebrique.com\/wp-content\/uploads\/2023\/10\/ok.jpg 1920w\" sizes=\"100vw\" \/>\t\t\t\t\t\t\t\t\t\t\t\t\t\t\t<\/div>\n\t\t\t\t<\/div>\n\t\t\t\t<div class=\"elementor-element elementor-element-b250196 elementor-widget elementor-widget-heading\" data-id=\"b250196\" data-element_type=\"widget\" data-e-type=\"widget\" data-widget_type=\"heading.default\">\n\t\t\t\t<div class=\"elementor-widget-container\">\n\t\t\t\t\t<h3 class=\"elementor-heading-title elementor-size-default\">L'exposition immersive<\/h3>\t\t\t\t<\/div>\n\t\t\t\t<\/div>\n\t\t\t\t<div class=\"elementor-element elementor-element-10180cf elementor-widget elementor-widget-text-editor\" data-id=\"10180cf\" data-element_type=\"widget\" data-e-type=\"widget\" data-widget_type=\"text-editor.default\">\n\t\t\t\t<div class=\"elementor-widget-container\">\n\t\t\t\t\t\t\t\t\t<p>Un parcours sc\u00e9naris\u00e9 autour d\u2019un th\u00e8me fort (architecture, cin\u00e9ma, imaginaire\u2026), avec d\u00e9cors, panneaux explicatifs et mises en sc\u00e8ne.<\/p>\t\t\t\t\t\t\t\t<\/div>\n\t\t\t\t<\/div>\n\t\t\t\t<\/div>\n\t\t\t\t<\/div>\n\t\t<div class=\"elementor-element elementor-element-4685a6b e-con-full e-flex e-con e-child\" data-id=\"4685a6b\" data-element_type=\"container\" data-e-type=\"container\">\n\t\t<div class=\"elementor-element elementor-element-3827239 e-con-full e-flex e-con e-child\" data-id=\"3827239\" data-element_type=\"container\" data-e-type=\"container\">\n\t\t\t\t<div class=\"elementor-element elementor-element-a5d22a1 elementor-widget elementor-widget-image\" data-id=\"a5d22a1\" data-element_type=\"widget\" data-e-type=\"widget\" data-widget_type=\"image.default\">\n\t\t\t\t<div class=\"elementor-widget-container\">\n\t\t\t\t\t\t\t\t\t\t\t\t\t\t\t<img decoding=\"async\" width=\"410\" height=\"410\" src=\"https:\/\/www.laptitebrique.com\/wp-content\/uploads\/2024\/04\/430351783_1721889354887823_1039574645940858581_n-e1725392644969.jpg\" class=\"elementor-animation-bounce-in attachment-large size-large wp-image-1106\" alt=\"\" srcset=\"https:\/\/www.laptitebrique.com\/wp-content\/uploads\/2024\/04\/430351783_1721889354887823_1039574645940858581_n-e1725392644969.jpg 410w, https:\/\/www.laptitebrique.com\/wp-content\/uploads\/2024\/04\/430351783_1721889354887823_1039574645940858581_n-e1725392644969-300x300.jpg 300w, https:\/\/www.laptitebrique.com\/wp-content\/uploads\/2024\/04\/430351783_1721889354887823_1039574645940858581_n-e1725392644969-150x150.jpg 150w\" sizes=\"100vw\" \/>\t\t\t\t\t\t\t\t\t\t\t\t\t\t\t<\/div>\n\t\t\t\t<\/div>\n\t\t\t\t<div class=\"elementor-element elementor-element-390cbfd elementor-widget elementor-widget-heading\" data-id=\"390cbfd\" data-element_type=\"widget\" data-e-type=\"widget\" data-widget_type=\"heading.default\">\n\t\t\t\t<div class=\"elementor-widget-container\">\n\t\t\t\t\t<h3 class=\"elementor-heading-title elementor-size-default\">Mini-expo th\u00e9matique<\/h3>\t\t\t\t<\/div>\n\t\t\t\t<\/div>\n\t\t\t\t<div class=\"elementor-element elementor-element-7d75a0f elementor-widget elementor-widget-text-editor\" data-id=\"7d75a0f\" data-element_type=\"widget\" data-e-type=\"widget\" data-widget_type=\"text-editor.default\">\n\t\t\t\t<div class=\"elementor-widget-container\">\n\t\t\t\t\t\t\t\t\t<p>Une ou plusieurs vitrines autour d\u2019un sujet pr\u00e9cis, parfait pour les espaces plus restreints ou les \u00e9v\u00e9nements courts.<\/p>\t\t\t\t\t\t\t\t<\/div>\n\t\t\t\t<\/div>\n\t\t\t\t<\/div>\n\t\t\t\t<\/div>\n\t\t<div class=\"elementor-element elementor-element-0066e91 e-con-full e-flex e-con e-child\" data-id=\"0066e91\" data-element_type=\"container\" data-e-type=\"container\">\n\t\t<div class=\"elementor-element elementor-element-3e6c9af e-con-full e-flex e-con e-child\" data-id=\"3e6c9af\" data-element_type=\"container\" data-e-type=\"container\">\n\t\t\t\t<div class=\"elementor-element elementor-element-75e8ca3 elementor-widget elementor-widget-image\" data-id=\"75e8ca3\" data-element_type=\"widget\" data-e-type=\"widget\" data-widget_type=\"image.default\">\n\t\t\t\t<div class=\"elementor-widget-container\">\n\t\t\t\t\t\t\t\t\t\t\t\t\t\t\t<img decoding=\"async\" width=\"950\" height=\"536\" src=\"https:\/\/www.laptitebrique.com\/wp-content\/uploads\/2024\/04\/20230930_114741-1024x578.jpg\" class=\"elementor-animation-bounce-in attachment-large size-large wp-image-1065\" alt=\"\" srcset=\"https:\/\/www.laptitebrique.com\/wp-content\/uploads\/2024\/04\/20230930_114741-1024x578.jpg 1024w, https:\/\/www.laptitebrique.com\/wp-content\/uploads\/2024\/04\/20230930_114741-300x169.jpg 300w, https:\/\/www.laptitebrique.com\/wp-content\/uploads\/2024\/04\/20230930_114741-2000x1128.jpg 2000w, https:\/\/www.laptitebrique.com\/wp-content\/uploads\/2024\/04\/20230930_114741-scaled-1536x866.jpg 1536w, https:\/\/www.laptitebrique.com\/wp-content\/uploads\/2024\/04\/20230930_114741-scaled-2048x1155.jpg 2048w, https:\/\/www.laptitebrique.com\/wp-content\/uploads\/2024\/04\/20230930_114741-scaled-600x338.jpg 600w, https:\/\/www.laptitebrique.com\/wp-content\/uploads\/2024\/04\/20230930_114741-scaled-1200x677.jpg 1200w, https:\/\/www.laptitebrique.com\/wp-content\/uploads\/2024\/04\/20230930_114741-scaled-1915x1080.jpg 1915w\" sizes=\"100vw\" \/>\t\t\t\t\t\t\t\t\t\t\t\t\t\t\t<\/div>\n\t\t\t\t<\/div>\n\t\t\t\t<div class=\"elementor-element elementor-element-b46ca54 elementor-widget elementor-widget-heading\" data-id=\"b46ca54\" data-element_type=\"widget\" data-e-type=\"widget\" data-widget_type=\"heading.default\">\n\t\t\t\t<div class=\"elementor-widget-container\">\n\t\t\t\t\t<h3 class=\"elementor-heading-title elementor-size-default\">L\u2019exposition + animation<\/h3>\t\t\t\t<\/div>\n\t\t\t\t<\/div>\n\t\t\t\t<div class=\"elementor-element elementor-element-1a2569e elementor-widget elementor-widget-text-editor\" data-id=\"1a2569e\" data-element_type=\"widget\" data-e-type=\"widget\" data-widget_type=\"text-editor.default\">\n\t\t\t\t<div class=\"elementor-widget-container\">\n\t\t\t\t\t\t\t\t\t<p>Combinez exposition et atelier pour une exp\u00e9rience interactive : le public d\u00e9couvre\u2026 puis construit \u00e0 son tour !<\/p>\t\t\t\t\t\t\t\t<\/div>\n\t\t\t\t<\/div>\n\t\t\t\t<\/div>\n\t\t\t\t<\/div>\n\t\t<div class=\"elementor-element elementor-element-5888d87 e-con-full e-flex e-con e-child\" data-id=\"5888d87\" data-element_type=\"container\" data-e-type=\"container\">\n\t\t<div class=\"elementor-element elementor-element-f2df8b8 e-con-full e-flex e-con e-child\" data-id=\"f2df8b8\" data-element_type=\"container\" data-e-type=\"container\">\n\t\t\t\t<div class=\"elementor-element elementor-element-9d513b2 elementor-widget elementor-widget-image\" data-id=\"9d513b2\" data-element_type=\"widget\" data-e-type=\"widget\" data-widget_type=\"image.default\">\n\t\t\t\t<div class=\"elementor-widget-container\">\n\t\t\t\t\t\t\t\t\t\t\t\t\t\t\t<img loading=\"lazy\" decoding=\"async\" width=\"950\" height=\"634\" src=\"https:\/\/www.laptitebrique.com\/wp-content\/uploads\/2023\/10\/C2A9titouanmariac_-_MRC03077-Avecaccentuation-Bruit_preview-1024x683.jpg\" class=\"elementor-animation-bounce-in attachment-large size-large wp-image-1464\" alt=\"Le p\u00f4le m\u00e9canique d&#039;Al\u00e8s C\u00e9vennes en brique LEGO\" srcset=\"https:\/\/www.laptitebrique.com\/wp-content\/uploads\/2023\/10\/C2A9titouanmariac_-_MRC03077-Avecaccentuation-Bruit_preview-1024x683.jpg 1024w, https:\/\/www.laptitebrique.com\/wp-content\/uploads\/2023\/10\/C2A9titouanmariac_-_MRC03077-Avecaccentuation-Bruit_preview-300x200.jpg 300w, https:\/\/www.laptitebrique.com\/wp-content\/uploads\/2023\/10\/C2A9titouanmariac_-_MRC03077-Avecaccentuation-Bruit_preview-768x512.jpg 768w, https:\/\/www.laptitebrique.com\/wp-content\/uploads\/2023\/10\/C2A9titouanmariac_-_MRC03077-Avecaccentuation-Bruit_preview-1536x1024.jpg 1536w, https:\/\/www.laptitebrique.com\/wp-content\/uploads\/2023\/10\/C2A9titouanmariac_-_MRC03077-Avecaccentuation-Bruit_preview-600x400.jpg 600w, https:\/\/www.laptitebrique.com\/wp-content\/uploads\/2023\/10\/C2A9titouanmariac_-_MRC03077-Avecaccentuation-Bruit_preview-1200x800.jpg 1200w, https:\/\/www.laptitebrique.com\/wp-content\/uploads\/2023\/10\/C2A9titouanmariac_-_MRC03077-Avecaccentuation-Bruit_preview.jpg 1920w\" sizes=\"100vw\" \/>\t\t\t\t\t\t\t\t\t\t\t\t\t\t\t<\/div>\n\t\t\t\t<\/div>\n\t\t\t\t<div class=\"elementor-element elementor-element-6e3b01d elementor-widget elementor-widget-heading\" data-id=\"6e3b01d\" data-element_type=\"widget\" data-e-type=\"widget\" data-widget_type=\"heading.default\">\n\t\t\t\t<div class=\"elementor-widget-container\">\n\t\t\t\t\t<h3 class=\"elementor-heading-title elementor-size-default\">La pi\u00e8ce unique en vitrine<\/h3>\t\t\t\t<\/div>\n\t\t\t\t<\/div>\n\t\t\t\t<div class=\"elementor-element elementor-element-e00eddc elementor-widget elementor-widget-text-editor\" data-id=\"e00eddc\" data-element_type=\"widget\" data-e-type=\"widget\" data-widget_type=\"text-editor.default\">\n\t\t\t\t<div class=\"elementor-widget-container\">\n\t\t\t\t\t\t\t\t\t<p>Une cr\u00e9ation embl\u00e9matique ou spectaculaire \u00e0 exposer seule, comme point d\u2019attraction dans un lieu de passage.<\/p>\t\t\t\t\t\t\t\t<\/div>\n\t\t\t\t<\/div>\n\t\t\t\t<\/div>\n\t\t\t\t<\/div>\n\t\t\t\t\t<\/div>\n\t\t\t\t<\/div>\n\t\t<div class=\"elementor-element elementor-element-355c964 e-flex e-con-boxed e-con e-parent\" data-id=\"355c964\" data-element_type=\"container\" data-e-type=\"container\">\n\t\t\t\t\t<div class=\"e-con-inner\">\n\t\t\t\t<div class=\"elementor-element elementor-element-732c1ad elementor-widget elementor-widget-spacer\" data-id=\"732c1ad\" data-element_type=\"widget\" data-e-type=\"widget\" data-widget_type=\"spacer.default\">\n\t\t\t\t<div class=\"elementor-widget-container\">\n\t\t\t\t\t\t\t<div class=\"elementor-spacer\">\n\t\t\t<div class=\"elementor-spacer-inner\"><\/div>\n\t\t<\/div>\n\t\t\t\t\t\t<\/div>\n\t\t\t\t<\/div>\n\t\t\t\t\t<\/div>\n\t\t\t\t<\/div>\n\t\t<div class=\"elementor-element elementor-element-f0db833 e-flex e-con-boxed e-con e-parent\" data-id=\"f0db833\" data-element_type=\"container\" data-e-type=\"container\">\n\t\t\t\t\t<div class=\"e-con-inner\">\n\t\t\t\t<div class=\"elementor-element elementor-element-f2297c2 elementor-widget elementor-widget-heading\" data-id=\"f2297c2\" data-element_type=\"widget\" data-e-type=\"widget\" data-widget_type=\"heading.default\">\n\t\t\t\t<div class=\"elementor-widget-container\">\n\t\t\t\t\t<h3 class=\"elementor-heading-title elementor-size-default\">Chaque format est enti\u00e8rement personnalisable, que ce soit en dur\u00e9e, en surface, en sc\u00e9nographie ou en nombre de pi\u00e8ces expos\u00e9es.<\/h3>\t\t\t\t<\/div>\n\t\t\t\t<\/div>\n\t\t\t\t\t<\/div>\n\t\t\t\t<\/div>\n\t\t<div class=\"elementor-element elementor-element-5666b19 e-flex e-con-boxed e-con e-parent\" data-id=\"5666b19\" data-element_type=\"container\" data-e-type=\"container\">\n\t\t\t\t\t<div class=\"e-con-inner\">\n\t\t\t\t<div class=\"elementor-element elementor-element-93644a6 elementor-widget elementor-widget-spacer\" data-id=\"93644a6\" data-element_type=\"widget\" data-e-type=\"widget\" data-widget_type=\"spacer.default\">\n\t\t\t\t<div class=\"elementor-widget-container\">\n\t\t\t\t\t\t\t<div class=\"elementor-spacer\">\n\t\t\t<div class=\"elementor-spacer-inner\"><\/div>\n\t\t<\/div>\n\t\t\t\t\t\t<\/div>\n\t\t\t\t<\/div>\n\t\t\t\t\t<\/div>\n\t\t\t\t<\/div>\n\t\t<div class=\"elementor-element elementor-element-6fdcca0 e-flex e-con-boxed e-con e-parent\" data-id=\"6fdcca0\" data-element_type=\"container\" data-e-type=\"container\">\n\t\t\t\t\t<div class=\"e-con-inner\">\n\t\t\t\t<div class=\"elementor-element elementor-element-c4dd54e elementor-widget elementor-widget-spacer\" data-id=\"c4dd54e\" data-element_type=\"widget\" data-e-type=\"widget\" data-widget_type=\"spacer.default\">\n\t\t\t\t<div class=\"elementor-widget-container\">\n\t\t\t\t\t\t\t<div class=\"elementor-spacer\">\n\t\t\t<div class=\"elementor-spacer-inner\"><\/div>\n\t\t<\/div>\n\t\t\t\t\t\t<\/div>\n\t\t\t\t<\/div>\n\t\t\t\t\t<\/div>\n\t\t\t\t<\/div>\n\t\t<div class=\"elementor-element elementor-element-48212f4 e-flex e-con-boxed e-con e-parent\" data-id=\"48212f4\" data-element_type=\"container\" data-e-type=\"container\" data-settings=\"{&quot;background_background&quot;:&quot;classic&quot;}\">\n\t\t\t\t\t<div class=\"e-con-inner\">\n\t\t\t\t<div class=\"elementor-element elementor-element-ff214c6 elementor-widget elementor-widget-heading\" data-id=\"ff214c6\" data-element_type=\"widget\" data-e-type=\"widget\" data-widget_type=\"heading.default\">\n\t\t\t\t<div class=\"elementor-widget-container\">\n\t\t\t\t\t<h3 class=\"elementor-heading-title elementor-size-default\">Vous \u00eates ...<\/h3>\t\t\t\t<\/div>\n\t\t\t\t<\/div>\n\t\t\t\t<div class=\"elementor-element elementor-element-2be291f elementor-widget elementor-widget-text-editor\" data-id=\"2be291f\" data-element_type=\"widget\" data-e-type=\"widget\" data-widget_type=\"text-editor.default\">\n\t\t\t\t<div class=\"elementor-widget-container\">\n\t\t\t\t\t\t\t\t\t<p><strong>\u00c9coles et structures \u00e9ducatives<\/strong><\/p><p>pour explorer des sujets p\u00e9dagogiques autrement<\/p>\t\t\t\t\t\t\t\t<\/div>\n\t\t\t\t<\/div>\n\t\t\t\t\t<\/div>\n\t\t\t\t<\/div>\n\t\t\t\t<\/div>\n\t\t","protected":false},"excerpt":{"rendered":"<p>Parce qu\u2019il faut prendre le temps d\u2019admirer les belles choses ! Chez La P\u2019tite Brique, nous cr\u00e9ons des expositions th\u00e9matiques sur mesure, pens\u00e9es pour \u00e9veiller la curiosit\u00e9 de tous les visiteurs. Gr\u00e2ce \u00e0 une approche interactive et immersive, chaque exposition prend vie et devient une v\u00e9ritable invitation \u00e0 la d\u00e9couverte, \u00e0 l\u2019\u00e9merveillement et \u00e0 l&rsquo;\u00e9change. &hellip; <\/p>\n<p class=\"link-more\"><a href=\"https:\/\/www.laptitebrique.com\/?page_id=229\" class=\"more-link\">Lire la suite de<span class=\"screen-reader-text\">\u00ab\u00a0EXPOSITION\u00a0\u00bb<\/span><\/a><\/p>\n","protected":false},"author":3,"featured_media":0,"parent":0,"menu_order":0,"comment_status":"closed","ping_status":"closed","template":"","meta":{"footnotes":""},"class_list":["post-229","page","type-page","status-publish","hentry"],"featured_media_urls":[],"_links":{"self":[{"href":"https:\/\/www.laptitebrique.com\/index.php?rest_route=\/wp\/v2\/pages\/229","targetHints":{"allow":["GET"]}}],"collection":[{"href":"https:\/\/www.laptitebrique.com\/index.php?rest_route=\/wp\/v2\/pages"}],"about":[{"href":"https:\/\/www.laptitebrique.com\/index.php?rest_route=\/wp\/v2\/types\/page"}],"author":[{"embeddable":true,"href":"https:\/\/www.laptitebrique.com\/index.php?rest_route=\/wp\/v2\/users\/3"}],"replies":[{"embeddable":true,"href":"https:\/\/www.laptitebrique.com\/index.php?rest_route=%2Fwp%2Fv2%2Fcomments&post=229"}],"version-history":[{"count":79,"href":"https:\/\/www.laptitebrique.com\/index.php?rest_route=\/wp\/v2\/pages\/229\/revisions"}],"predecessor-version":[{"id":2187,"href":"https:\/\/www.laptitebrique.com\/index.php?rest_route=\/wp\/v2\/pages\/229\/revisions\/2187"}],"wp:attachment":[{"href":"https:\/\/www.laptitebrique.com\/index.php?rest_route=%2Fwp%2Fv2%2Fmedia&parent=229"}],"curies":[{"name":"wp","href":"https:\/\/api.w.org\/{rel}","templated":true}]}}